{"id":7,"date":"2009-04-03T20:57:27","date_gmt":"2009-04-03T18:57:27","guid":{"rendered":"http:\/\/revistafundamentospsicologia.zeus.umh.es\/?page_id=7"},"modified":"2023-10-13T18:24:05","modified_gmt":"2023-10-13T16:24:05","slug":"normas-de-publicacion","status":"publish","type":"page","link":"https:\/\/revistafundamentospsicologia.umh.es\/ca\/normas-de-publicacion\/","title":{"rendered":"Normas de publicaci\u00f3n"},"content":{"rendered":"<p><\/p>\n<p><p class=\"MsoNormal\" style=\"margin: 0cm 0cm 10pt\"><span>En\u00a0los archivos adjuntos se pueden encontrar las normas para la realizaci\u00f3n de los trabajos con el fin de presentarlos en la Revista de Fundamentos de Psicolog\u00eda, as\u00ed como, una breve gu\u00eda para realizar los art\u00edculos cient\u00edficos.<\/span><\/p>\n<div><a href=\"https:\/\/revistafundamentospsicologia.umh.es\/files\/2010\/12\/normas_publicacion_2010.pdf\">Normas Publicaci\u00f3n 2010<\/a><\/div>\n<div><a href=\"https:\/\/revistafundamentospsicologia.umh.es\/files\/2010\/04\/170x240mm-guia-practica-de-fundamentos-de-psicologia.pdf\">Gu\u00eda de pr\u00e1cticas de Fundamentos de Psicolog\u00eda<\/a><\/div>\n<div><span><span><span><span><span><span><span><span><span><strong><\/strong><strong><\/strong><\/span><\/span><\/span><\/span><\/span><\/span><\/span><\/span><\/span><\/div>\n<p><span><span><span><\/span><\/span><\/span><\/p>\n<div><span><span><span><span><span><strong><\/strong><\/span><\/span><\/span><\/span><\/span><\/div>\n<p><span><span><span><br \/>\n<\/span><\/span><\/span><\/p>\n<div><span><span><span><span><span><strong><\/strong><\/span><\/span><\/span><\/span><\/span><\/div>\n<div><span><span><span><span><strong><\/strong><\/span><\/span><\/span><\/span><\/div>\n<div><span><span><span><span> <\/span><\/span><\/span><\/span><\/div>\n<div><span><span><span><span><span><span><span><strong><\/strong><\/span><\/span><\/span><\/span><\/span><\/span><\/span><\/div>\n<p><span><span><span><\/span><\/span><\/span><\/p>\n<div><span><span><span><strong><\/strong><\/span><\/span><\/span><\/div>\n<p><span><span><br \/>\n<\/span><\/span><\/p>\n<div><span><span><span> <\/span><\/span><\/span><\/div>\n<div><span><span><span><span> <\/span><\/span><\/span><\/span><\/div>\n<p><span><span><span> <\/span><\/span><\/span><\/p>\n<p><span> <\/span><\/p>\n<p><span><span><span><\/span><\/span><\/span><\/p>\n<div><span><span><span><strong><\/strong><\/span><\/span><\/span><\/div>\n<p><span><span><br \/>\n<\/span><\/span><\/p>\n<div><span><span><span> <\/span><\/span><\/span><\/div>\n<div><span><span><span><span> <\/span><\/span><\/span><\/span><\/div>\n<p><span><span><span> <\/span><\/span><\/span><\/p>\n<p><span> <\/span><\/p>\n<p><span><span><span> <\/span><\/span><\/span><\/p>\n<p><span> <\/span><\/p>\n<p><strong><\/strong><\/p>\n<address><a href=\"https:\/\/revistafundamentospsicologia.umh.es\/files\/2009\/04\/normas_publicacion.pdf\"><\/a><\/address>\n<\/p>\n<p><\/p>","protected":false},"excerpt":{"rendered":"<p>En\u00a0los archivos adjuntos se pueden encontrar las normas para la realizaci\u00f3n de los trabajos con el fin de presentarlos en la Revista de Fundamentos de Psicolog\u00eda, as\u00ed como, una breve gu\u00eda para realizar los art\u00edculos cient\u00edficos.<br \/>\nNormas Publicaci\u00f3n 2010<br \/>\nGu\u00eda de pr\u00e1cticas de Fundamentos de Psicolog\u00eda<\/p>\n","protected":false},"author":1028,"featured_media":0,"parent":0,"menu_order":1,"comment_status":"closed","ping_status":"open","template":"","meta":{"_links_to":"","_links_to_target":""},"_links":{"self":[{"href":"https:\/\/revistafundamentospsicologia.umh.es\/ca\/wp-json\/wp\/v2\/pages\/7"}],"collection":[{"href":"https:\/\/revistafundamentospsicologia.umh.es\/ca\/wp-json\/wp\/v2\/pages"}],"about":[{"href":"https:\/\/revistafundamentospsicologia.umh.es\/ca\/wp-json\/wp\/v2\/types\/page"}],"author":[{"embeddable":true,"href":"https:\/\/revistafundamentospsicologia.umh.es\/ca\/wp-json\/wp\/v2\/users\/1028"}],"replies":[{"embeddable":true,"href":"https:\/\/revistafundamentospsicologia.umh.es\/ca\/wp-json\/wp\/v2\/comments?post=7"}],"version-history":[{"count":0,"href":"https:\/\/revistafundamentospsicologia.umh.es\/ca\/wp-json\/wp\/v2\/pages\/7\/revisions"}],"wp:attachment":[{"href":"https:\/\/revistafundamentospsicologia.umh.es\/ca\/wp-json\/wp\/v2\/media?parent=7"}],"curies":[{"name":"wp","href":"https:\/\/api.w.org\/{rel}","templated":true}]}}